{"id":14,"date":"2024-09-24T10:18:28","date_gmt":"2024-09-24T10:18:28","guid":{"rendered":"https:\/\/inglesde3en3.com\/?page_id=14"},"modified":"2024-10-24T11:26:59","modified_gmt":"2024-10-24T11:26:59","slug":"apuntes","status":"publish","type":"page","link":"https:\/\/inglesde3en3.com\/index.php\/apuntes\/","title":{"rendered":"Apuntes"},"content":{"rendered":"\t\t<div data-elementor-type=\"wp-page\" data-elementor-id=\"14\" class=\"elementor elementor-14\" data-elementor-post-type=\"page\">\n\t\t\t\t<div class=\"elementor-element elementor-element-00112e2 e-flex e-con-boxed e-con e-parent\" data-id=\"00112e2\" data-element_type=\"container\" data-e-type=\"container\">\n\t\t\t\t\t<div class=\"e-con-inner\">\n\t\t\t\t<div class=\"elementor-element elementor-element-92f997f elementor-widget elementor-widget-heading\" data-id=\"92f997f\" data-element_type=\"widget\" data-e-type=\"widget\" data-widget_type=\"heading.default\">\n\t\t\t\t<div class=\"elementor-widget-container\">\n\t\t\t\t\t<h2 class=\"elementor-heading-title elementor-size-default\">APUNTES<\/h2>\t\t\t\t<\/div>\n\t\t\t\t<\/div>\n\t\t\t\t<div class=\"elementor-element elementor-element-0bf625d elementor-widget-divider--view-line elementor-widget elementor-widget-divider\" data-id=\"0bf625d\" data-element_type=\"widget\" data-e-type=\"widget\" data-widget_type=\"divider.default\">\n\t\t\t\t<div class=\"elementor-widget-container\">\n\t\t\t\t\t\t\t<div class=\"elementor-divider\">\n\t\t\t<span class=\"elementor-divider-separator\">\n\t\t\t\t\t\t<\/span>\n\t\t<\/div>\n\t\t\t\t\t\t<\/div>\n\t\t\t\t<\/div>\n\t\t\t\t<div class=\"elementor-element elementor-element-56f635f elementor-widget elementor-widget-image\" data-id=\"56f635f\" data-element_type=\"widget\" data-e-type=\"widget\" data-widget_type=\"image.default\">\n\t\t\t\t<div class=\"elementor-widget-container\">\n\t\t\t\t\t\t\t\t\t\t\t\t\t\t\t<img fetchpriority=\"high\" decoding=\"async\" width=\"2800\" height=\"850\" src=\"https:\/\/inglesde3en3.com\/wp-content\/uploads\/2024\/10\/WEB-2024-BANNERS-EXP-PNG-X-2-3.png\" class=\"attachment-full size-full wp-image-128\" alt=\"\" srcset=\"https:\/\/inglesde3en3.com\/wp-content\/uploads\/2024\/10\/WEB-2024-BANNERS-EXP-PNG-X-2-3.png 2800w, https:\/\/inglesde3en3.com\/wp-content\/uploads\/2024\/10\/WEB-2024-BANNERS-EXP-PNG-X-2-3-300x91.png 300w, https:\/\/inglesde3en3.com\/wp-content\/uploads\/2024\/10\/WEB-2024-BANNERS-EXP-PNG-X-2-3-1024x311.png 1024w, https:\/\/inglesde3en3.com\/wp-content\/uploads\/2024\/10\/WEB-2024-BANNERS-EXP-PNG-X-2-3-768x233.png 768w, https:\/\/inglesde3en3.com\/wp-content\/uploads\/2024\/10\/WEB-2024-BANNERS-EXP-PNG-X-2-3-1536x466.png 1536w, https:\/\/inglesde3en3.com\/wp-content\/uploads\/2024\/10\/WEB-2024-BANNERS-EXP-PNG-X-2-3-2048x622.png 2048w\" sizes=\"(max-width: 2800px) 100vw, 2800px\" \/>\t\t\t\t\t\t\t\t\t\t\t\t\t\t\t<\/div>\n\t\t\t\t<\/div>\n\t\t\t\t<div class=\"elementor-element elementor-element-912fc0a elementor-widget elementor-widget-text-editor\" data-id=\"912fc0a\" data-element_type=\"widget\" data-e-type=\"widget\" data-widget_type=\"text-editor.default\">\n\t\t\t\t<div class=\"elementor-widget-container\">\n\t\t\t\t\t\t\t\t\t<p><strong>Consigue nuestros apuntes y res\u00famenes dise\u00f1ados para facilitar tu aprendizaje del ingl\u00e9s.<\/strong><\/p><p>Ya sea que est\u00e9s comenzando o necesites reforzar tus conocimientos, nuestros apuntes est\u00e1n organizados por temas clave como gram\u00e1tica, vocabulario y expresiones comunes. Con explicaciones claras y ejemplos pr\u00e1cticos, podr\u00e1s repasar lo que necesitas de forma r\u00e1pida y efectiva.<\/p><p><strong>Desc\u00e1rgalos \u00a0y ten a mano todo lo necesario para avanzar en tu estudio del ingl\u00e9s.<\/strong><\/p>\t\t\t\t\t\t\t\t<\/div>\n\t\t\t\t<\/div>\n\t\t\t\t\t<\/div>\n\t\t\t\t<\/div>\n\t\t<div class=\"elementor-element elementor-element-15e9d3d e-flex e-con-boxed e-con e-parent\" data-id=\"15e9d3d\" data-element_type=\"container\" data-e-type=\"container\" data-settings=\"{&quot;background_background&quot;:&quot;classic&quot;}\">\n\t\t\t\t\t<div class=\"e-con-inner\">\n\t\t\t\t<div class=\"elementor-element elementor-element-91f7cfd elementor-widget elementor-widget-spacer\" data-id=\"91f7cfd\" data-element_type=\"widget\" data-e-type=\"widget\" data-widget_type=\"spacer.default\">\n\t\t\t\t<div class=\"elementor-widget-container\">\n\t\t\t\t\t\t\t<div class=\"elementor-spacer\">\n\t\t\t<div class=\"elementor-spacer-inner\"><\/div>\n\t\t<\/div>\n\t\t\t\t\t\t<\/div>\n\t\t\t\t<\/div>\n\t\t\t\t\t<\/div>\n\t\t\t\t<\/div>\n\t\t<div class=\"elementor-element elementor-element-50973e3 e-flex e-con-boxed e-con e-parent\" data-id=\"50973e3\" data-element_type=\"container\" data-e-type=\"container\">\n\t\t\t\t\t<div class=\"e-con-inner\">\n\t\t\t\t<div class=\"elementor-element elementor-element-210eba8 elementor-widget elementor-widget-heading\" data-id=\"210eba8\" data-element_type=\"widget\" data-e-type=\"widget\" data-widget_type=\"heading.default\">\n\t\t\t\t<div class=\"elementor-widget-container\">\n\t\t\t\t\t<h2 class=\"elementor-heading-title elementor-size-default\">MATERIAL 1<\/h2>\t\t\t\t<\/div>\n\t\t\t\t<\/div>\n\t\t\t\t<div class=\"elementor-element elementor-element-57371a8 elementor-icon-list--layout-traditional elementor-list-item-link-full_width elementor-widget elementor-widget-icon-list\" data-id=\"57371a8\" data-element_type=\"widget\" data-e-type=\"widget\" data-widget_type=\"icon-list.default\">\n\t\t\t\t<div class=\"elementor-widget-container\">\n\t\t\t\t\t\t\t<ul class=\"elementor-icon-list-items\">\n\t\t\t\t\t\t\t<li class=\"elementor-icon-list-item\">\n\t\t\t\t\t\t\t\t\t\t\t<span class=\"elementor-icon-list-icon\">\n\t\t\t\t\t\t\t<svg aria-hidden=\"true\" class=\"e-font-icon-svg e-fas-long-arrow-alt-right\" viewBox=\"0 0 448 512\" xmlns=\"http:\/\/www.w3.org\/2000\/svg\"><path d=\"M313.941 216H12c-6.627 0-12 5.373-12 12v56c0 6.627 5.373 12 12 12h301.941v46.059c0 21.382 25.851 32.09 40.971 16.971l86.059-86.059c9.373-9.373 9.373-24.569 0-33.941l-86.059-86.059c-15.119-15.119-40.971-4.411-40.971 16.971V216z\"><\/path><\/svg>\t\t\t\t\t\t<\/span>\n\t\t\t\t\t\t\t\t\t\t<span class=\"elementor-icon-list-text\">enlace de descarga<\/span>\n\t\t\t\t\t\t\t\t\t<\/li>\n\t\t\t\t\t\t<\/ul>\n\t\t\t\t\t\t<\/div>\n\t\t\t\t<\/div>\n\t\t\t\t\t<\/div>\n\t\t\t\t<\/div>\n\t\t\t\t<\/div>\n\t\t","protected":false},"excerpt":{"rendered":"<p>APUNTES Consigue nuestros apuntes y res\u00famenes dise\u00f1ados para facilitar tu aprendizaje del ingl\u00e9s. Ya sea que est\u00e9s comenzando o necesites reforzar tus conocimientos, nuestros apuntes est\u00e1n organizados por temas clave como gram\u00e1tica, vocabulario y expresiones comunes. Con explicaciones claras y ejemplos pr\u00e1cticos, podr\u00e1s repasar lo que necesitas de forma r\u00e1pida y efectiva. Desc\u00e1rgalos \u00a0y ten [&hellip;]<\/p>\n","protected":false},"author":1,"featured_media":0,"parent":0,"menu_order":0,"comment_status":"closed","ping_status":"closed","template":"","meta":{"footnotes":""},"class_list":["post-14","page","type-page","status-publish","hentry"],"yoast_head":"<!-- This site is optimized with the Yoast SEO plugin v27.4 - https:\/\/yoast.com\/product\/yoast-seo-wordpress\/ -->\n<title>Apuntes - Ingl&eacute;s de 3 en 3<\/title>\n<meta name=\"robots\" content=\"index, follow, max-snippet:-1, max-image-preview:large, max-video-preview:-1\" \/>\n<link rel=\"canonical\" href=\"https:\/\/inglesde3en3.com\/index.php\/apuntes\/\" \/>\n<meta property=\"og:locale\" content=\"es_ES\" \/>\n<meta property=\"og:type\" content=\"article\" \/>\n<meta property=\"og:title\" content=\"Apuntes - Ingl&eacute;s de 3 en 3\" \/>\n<meta property=\"og:description\" content=\"APUNTES Consigue nuestros apuntes y res\u00famenes dise\u00f1ados para facilitar tu aprendizaje del ingl\u00e9s. Ya sea que est\u00e9s comenzando o necesites reforzar tus conocimientos, nuestros apuntes est\u00e1n organizados por temas clave como gram\u00e1tica, vocabulario y expresiones comunes. Con explicaciones claras y ejemplos pr\u00e1cticos, podr\u00e1s repasar lo que necesitas de forma r\u00e1pida y efectiva. Desc\u00e1rgalos \u00a0y ten [&hellip;]\" \/>\n<meta property=\"og:url\" content=\"https:\/\/inglesde3en3.com\/index.php\/apuntes\/\" \/>\n<meta property=\"og:site_name\" content=\"Ingl&eacute;s de 3 en 3\" \/>\n<meta property=\"article:modified_time\" content=\"2024-10-24T11:26:59+00:00\" \/>\n<meta property=\"og:image\" content=\"https:\/\/inglesde3en3.com\/wp-content\/uploads\/2024\/10\/WEB-2024-BANNERS-EXP-PNG-X-2-3.png\" \/>\n<meta name=\"twitter:card\" content=\"summary_large_image\" \/>\n<meta name=\"twitter:label1\" content=\"Tiempo de lectura\" \/>\n\t<meta name=\"twitter:data1\" content=\"1 minuto\" \/>\n<script type=\"application\/ld+json\" class=\"yoast-schema-graph\">{\"@context\":\"https:\\\/\\\/schema.org\",\"@graph\":[{\"@type\":\"WebPage\",\"@id\":\"https:\\\/\\\/inglesde3en3.com\\\/index.php\\\/apuntes\\\/\",\"url\":\"https:\\\/\\\/inglesde3en3.com\\\/index.php\\\/apuntes\\\/\",\"name\":\"Apuntes - Ingl&eacute;s de 3 en 3\",\"isPartOf\":{\"@id\":\"https:\\\/\\\/inglesde3en3.com\\\/#website\"},\"primaryImageOfPage\":{\"@id\":\"https:\\\/\\\/inglesde3en3.com\\\/index.php\\\/apuntes\\\/#primaryimage\"},\"image\":{\"@id\":\"https:\\\/\\\/inglesde3en3.com\\\/index.php\\\/apuntes\\\/#primaryimage\"},\"thumbnailUrl\":\"https:\\\/\\\/inglesde3en3.com\\\/wp-content\\\/uploads\\\/2024\\\/10\\\/WEB-2024-BANNERS-EXP-PNG-X-2-3.png\",\"datePublished\":\"2024-09-24T10:18:28+00:00\",\"dateModified\":\"2024-10-24T11:26:59+00:00\",\"breadcrumb\":{\"@id\":\"https:\\\/\\\/inglesde3en3.com\\\/index.php\\\/apuntes\\\/#breadcrumb\"},\"inLanguage\":\"es\",\"potentialAction\":[{\"@type\":\"ReadAction\",\"target\":[\"https:\\\/\\\/inglesde3en3.com\\\/index.php\\\/apuntes\\\/\"]}]},{\"@type\":\"ImageObject\",\"inLanguage\":\"es\",\"@id\":\"https:\\\/\\\/inglesde3en3.com\\\/index.php\\\/apuntes\\\/#primaryimage\",\"url\":\"https:\\\/\\\/inglesde3en3.com\\\/wp-content\\\/uploads\\\/2024\\\/10\\\/WEB-2024-BANNERS-EXP-PNG-X-2-3.png\",\"contentUrl\":\"https:\\\/\\\/inglesde3en3.com\\\/wp-content\\\/uploads\\\/2024\\\/10\\\/WEB-2024-BANNERS-EXP-PNG-X-2-3.png\",\"width\":2800,\"height\":850},{\"@type\":\"BreadcrumbList\",\"@id\":\"https:\\\/\\\/inglesde3en3.com\\\/index.php\\\/apuntes\\\/#breadcrumb\",\"itemListElement\":[{\"@type\":\"ListItem\",\"position\":1,\"name\":\"Portada\",\"item\":\"https:\\\/\\\/inglesde3en3.com\\\/\"},{\"@type\":\"ListItem\",\"position\":2,\"name\":\"Apuntes\"}]},{\"@type\":\"WebSite\",\"@id\":\"https:\\\/\\\/inglesde3en3.com\\\/#website\",\"url\":\"https:\\\/\\\/inglesde3en3.com\\\/\",\"name\":\"Ingl&eacute;s de 3 en 3\",\"description\":\"Ingl&eacute;s f&aacute;cil con Simon\",\"publisher\":{\"@id\":\"https:\\\/\\\/inglesde3en3.com\\\/#organization\"},\"potentialAction\":[{\"@type\":\"SearchAction\",\"target\":{\"@type\":\"EntryPoint\",\"urlTemplate\":\"https:\\\/\\\/inglesde3en3.com\\\/?s={search_term_string}\"},\"query-input\":{\"@type\":\"PropertyValueSpecification\",\"valueRequired\":true,\"valueName\":\"search_term_string\"}}],\"inLanguage\":\"es\"},{\"@type\":\"Organization\",\"@id\":\"https:\\\/\\\/inglesde3en3.com\\\/#organization\",\"name\":\"Ingl&eacute;s de 3 en 3\",\"url\":\"https:\\\/\\\/inglesde3en3.com\\\/\",\"logo\":{\"@type\":\"ImageObject\",\"inLanguage\":\"es\",\"@id\":\"https:\\\/\\\/inglesde3en3.com\\\/#\\\/schema\\\/logo\\\/image\\\/\",\"url\":\"https:\\\/\\\/inglesde3en3.com\\\/wp-content\\\/uploads\\\/2024\\\/09\\\/cropped-Mesa-de-trabajo-1@2x.png\",\"contentUrl\":\"https:\\\/\\\/inglesde3en3.com\\\/wp-content\\\/uploads\\\/2024\\\/09\\\/cropped-Mesa-de-trabajo-1@2x.png\",\"width\":3335,\"height\":1189,\"caption\":\"Ingl&eacute;s de 3 en 3\"},\"image\":{\"@id\":\"https:\\\/\\\/inglesde3en3.com\\\/#\\\/schema\\\/logo\\\/image\\\/\"}}]}<\/script>\n<!-- \/ Yoast SEO plugin. -->","yoast_head_json":{"title":"Apuntes - Ingl&eacute;s de 3 en 3","robots":{"index":"index","follow":"follow","max-snippet":"max-snippet:-1","max-image-preview":"max-image-preview:large","max-video-preview":"max-video-preview:-1"},"canonical":"https:\/\/inglesde3en3.com\/index.php\/apuntes\/","og_locale":"es_ES","og_type":"article","og_title":"Apuntes - Ingl&eacute;s de 3 en 3","og_description":"APUNTES Consigue nuestros apuntes y res\u00famenes dise\u00f1ados para facilitar tu aprendizaje del ingl\u00e9s. Ya sea que est\u00e9s comenzando o necesites reforzar tus conocimientos, nuestros apuntes est\u00e1n organizados por temas clave como gram\u00e1tica, vocabulario y expresiones comunes. Con explicaciones claras y ejemplos pr\u00e1cticos, podr\u00e1s repasar lo que necesitas de forma r\u00e1pida y efectiva. Desc\u00e1rgalos \u00a0y ten [&hellip;]","og_url":"https:\/\/inglesde3en3.com\/index.php\/apuntes\/","og_site_name":"Ingl&eacute;s de 3 en 3","article_modified_time":"2024-10-24T11:26:59+00:00","og_image":[{"url":"https:\/\/inglesde3en3.com\/wp-content\/uploads\/2024\/10\/WEB-2024-BANNERS-EXP-PNG-X-2-3.png","type":"","width":"","height":""}],"twitter_card":"summary_large_image","twitter_misc":{"Tiempo de lectura":"1 minuto"},"schema":{"@context":"https:\/\/schema.org","@graph":[{"@type":"WebPage","@id":"https:\/\/inglesde3en3.com\/index.php\/apuntes\/","url":"https:\/\/inglesde3en3.com\/index.php\/apuntes\/","name":"Apuntes - Ingl&eacute;s de 3 en 3","isPartOf":{"@id":"https:\/\/inglesde3en3.com\/#website"},"primaryImageOfPage":{"@id":"https:\/\/inglesde3en3.com\/index.php\/apuntes\/#primaryimage"},"image":{"@id":"https:\/\/inglesde3en3.com\/index.php\/apuntes\/#primaryimage"},"thumbnailUrl":"https:\/\/inglesde3en3.com\/wp-content\/uploads\/2024\/10\/WEB-2024-BANNERS-EXP-PNG-X-2-3.png","datePublished":"2024-09-24T10:18:28+00:00","dateModified":"2024-10-24T11:26:59+00:00","breadcrumb":{"@id":"https:\/\/inglesde3en3.com\/index.php\/apuntes\/#breadcrumb"},"inLanguage":"es","potentialAction":[{"@type":"ReadAction","target":["https:\/\/inglesde3en3.com\/index.php\/apuntes\/"]}]},{"@type":"ImageObject","inLanguage":"es","@id":"https:\/\/inglesde3en3.com\/index.php\/apuntes\/#primaryimage","url":"https:\/\/inglesde3en3.com\/wp-content\/uploads\/2024\/10\/WEB-2024-BANNERS-EXP-PNG-X-2-3.png","contentUrl":"https:\/\/inglesde3en3.com\/wp-content\/uploads\/2024\/10\/WEB-2024-BANNERS-EXP-PNG-X-2-3.png","width":2800,"height":850},{"@type":"BreadcrumbList","@id":"https:\/\/inglesde3en3.com\/index.php\/apuntes\/#breadcrumb","itemListElement":[{"@type":"ListItem","position":1,"name":"Portada","item":"https:\/\/inglesde3en3.com\/"},{"@type":"ListItem","position":2,"name":"Apuntes"}]},{"@type":"WebSite","@id":"https:\/\/inglesde3en3.com\/#website","url":"https:\/\/inglesde3en3.com\/","name":"Ingl&eacute;s de 3 en 3","description":"Ingl&eacute;s f&aacute;cil con Simon","publisher":{"@id":"https:\/\/inglesde3en3.com\/#organization"},"potentialAction":[{"@type":"SearchAction","target":{"@type":"EntryPoint","urlTemplate":"https:\/\/inglesde3en3.com\/?s={search_term_string}"},"query-input":{"@type":"PropertyValueSpecification","valueRequired":true,"valueName":"search_term_string"}}],"inLanguage":"es"},{"@type":"Organization","@id":"https:\/\/inglesde3en3.com\/#organization","name":"Ingl&eacute;s de 3 en 3","url":"https:\/\/inglesde3en3.com\/","logo":{"@type":"ImageObject","inLanguage":"es","@id":"https:\/\/inglesde3en3.com\/#\/schema\/logo\/image\/","url":"https:\/\/inglesde3en3.com\/wp-content\/uploads\/2024\/09\/cropped-Mesa-de-trabajo-1@2x.png","contentUrl":"https:\/\/inglesde3en3.com\/wp-content\/uploads\/2024\/09\/cropped-Mesa-de-trabajo-1@2x.png","width":3335,"height":1189,"caption":"Ingl&eacute;s de 3 en 3"},"image":{"@id":"https:\/\/inglesde3en3.com\/#\/schema\/logo\/image\/"}}]}},"_links":{"self":[{"href":"https:\/\/inglesde3en3.com\/index.php\/wp-json\/wp\/v2\/pages\/14","targetHints":{"allow":["GET"]}}],"collection":[{"href":"https:\/\/inglesde3en3.com\/index.php\/wp-json\/wp\/v2\/pages"}],"about":[{"href":"https:\/\/inglesde3en3.com\/index.php\/wp-json\/wp\/v2\/types\/page"}],"author":[{"embeddable":true,"href":"https:\/\/inglesde3en3.com\/index.php\/wp-json\/wp\/v2\/users\/1"}],"replies":[{"embeddable":true,"href":"https:\/\/inglesde3en3.com\/index.php\/wp-json\/wp\/v2\/comments?post=14"}],"version-history":[{"count":10,"href":"https:\/\/inglesde3en3.com\/index.php\/wp-json\/wp\/v2\/pages\/14\/revisions"}],"predecessor-version":[{"id":131,"href":"https:\/\/inglesde3en3.com\/index.php\/wp-json\/wp\/v2\/pages\/14\/revisions\/131"}],"wp:attachment":[{"href":"https:\/\/inglesde3en3.com\/index.php\/wp-json\/wp\/v2\/media?parent=14"}],"curies":[{"name":"wp","href":"https:\/\/api.w.org\/{rel}","templated":true}]}}