{"id":36,"date":"2024-09-24T10:25:43","date_gmt":"2024-09-24T10:25:43","guid":{"rendered":"https:\/\/inglesde3en3.com\/?page_id=36"},"modified":"2024-10-24T10:42:17","modified_gmt":"2024-10-24T10:42:17","slug":"inicio","status":"publish","type":"page","link":"https:\/\/inglesde3en3.com\/","title":{"rendered":"Inicio"},"content":{"rendered":"\t\t<div data-elementor-type=\"wp-page\" data-elementor-id=\"36\" class=\"elementor elementor-36\" data-elementor-post-type=\"page\">\n\t\t\t\t<div class=\"elementor-element elementor-element-7ccf743 e-flex e-con-boxed e-con e-parent\" data-id=\"7ccf743\" data-element_type=\"container\" data-e-type=\"container\">\n\t\t\t\t\t<div class=\"e-con-inner\">\n\t\t\t\t<div class=\"elementor-element elementor-element-e388920 elementor-widget elementor-widget-heading\" data-id=\"e388920\" data-element_type=\"widget\" data-e-type=\"widget\" data-widget_type=\"heading.default\">\n\t\t\t\t<div class=\"elementor-widget-container\">\n\t\t\t\t\t<h2 class=\"elementor-heading-title elementor-size-default\">Aprende ingl\u00e9s r\u00e1pido, sencillo<\/h2>\t\t\t\t<\/div>\n\t\t\t\t<\/div>\n\t\t\t\t<div class=\"elementor-element elementor-element-716eeb3 elementor-widget elementor-widget-heading\" data-id=\"716eeb3\" data-element_type=\"widget\" data-e-type=\"widget\" data-widget_type=\"heading.default\">\n\t\t\t\t<div class=\"elementor-widget-container\">\n\t\t\t\t\t<h2 class=\"elementor-heading-title elementor-size-default\">y sin complicaciones<\/h2>\t\t\t\t<\/div>\n\t\t\t\t<\/div>\n\t\t\t\t\t<\/div>\n\t\t\t\t<\/div>\n\t\t<div class=\"elementor-element elementor-element-d2c8245 e-grid e-con-boxed e-con e-parent\" data-id=\"d2c8245\" data-element_type=\"container\" data-e-type=\"container\">\n\t\t\t\t\t<div class=\"e-con-inner\">\n\t\t<div class=\"elementor-element elementor-element-1477e2e e-con-full e-flex e-con e-child\" data-id=\"1477e2e\" data-element_type=\"container\" data-e-type=\"container\">\n\t\t\t\t<div class=\"elementor-element elementor-element-0b2c209 elementor-widget elementor-widget-image\" data-id=\"0b2c209\" data-element_type=\"widget\" data-e-type=\"widget\" data-widget_type=\"image.default\">\n\t\t\t\t<div class=\"elementor-widget-container\">\n\t\t\t\t\t\t\t\t\t\t\t\t\t\t\t<img decoding=\"async\" width=\"65\" height=\"86\" src=\"https:\/\/inglesde3en3.com\/wp-content\/uploads\/2024\/09\/Captura-de-pantalla-2024-09-24-a-las-12.53.43.png\" class=\"elementor-animation-float attachment-large size-large wp-image-59\" alt=\"\" \/>\t\t\t\t\t\t\t\t\t\t\t\t\t\t\t<\/div>\n\t\t\t\t<\/div>\n\t\t\t\t<\/div>\n\t\t<div class=\"elementor-element elementor-element-977a303 e-con-full e-flex e-con e-child\" data-id=\"977a303\" data-element_type=\"container\" data-e-type=\"container\">\n\t\t\t\t<div class=\"elementor-element elementor-element-d67db91 elementor-widget elementor-widget-image\" data-id=\"d67db91\" data-element_type=\"widget\" data-e-type=\"widget\" data-widget_type=\"image.default\">\n\t\t\t\t<div class=\"elementor-widget-container\">\n\t\t\t\t\t\t\t\t\t\t\t\t\t\t\t<img decoding=\"async\" width=\"65\" height=\"86\" src=\"https:\/\/inglesde3en3.com\/wp-content\/uploads\/2024\/09\/Captura-de-pantalla-2024-09-24-a-las-12.53.43.png\" class=\"elementor-animation-float attachment-large size-large wp-image-59\" alt=\"\" \/>\t\t\t\t\t\t\t\t\t\t\t\t\t\t\t<\/div>\n\t\t\t\t<\/div>\n\t\t\t\t<\/div>\n\t\t<div class=\"elementor-element elementor-element-0690b2b e-con-full e-flex e-con e-child\" data-id=\"0690b2b\" data-element_type=\"container\" data-e-type=\"container\">\n\t\t\t\t<div class=\"elementor-element elementor-element-8efe24b elementor-widget elementor-widget-image\" data-id=\"8efe24b\" data-element_type=\"widget\" data-e-type=\"widget\" data-widget_type=\"image.default\">\n\t\t\t\t<div class=\"elementor-widget-container\">\n\t\t\t\t\t\t\t\t\t\t\t\t\t\t\t<img decoding=\"async\" width=\"65\" height=\"86\" src=\"https:\/\/inglesde3en3.com\/wp-content\/uploads\/2024\/09\/Captura-de-pantalla-2024-09-24-a-las-12.53.43.png\" class=\"elementor-animation-float attachment-large size-large wp-image-59\" alt=\"\" \/>\t\t\t\t\t\t\t\t\t\t\t\t\t\t\t<\/div>\n\t\t\t\t<\/div>\n\t\t\t\t<\/div>\n\t\t\t\t\t<\/div>\n\t\t\t\t<\/div>\n\t\t<div class=\"elementor-element elementor-element-cd1795f e-flex e-con-boxed e-con e-parent\" data-id=\"cd1795f\" data-element_type=\"container\" data-e-type=\"container\" data-settings=\"{&quot;background_background&quot;:&quot;classic&quot;}\">\n\t\t\t\t\t<div class=\"e-con-inner\">\n\t\t\t\t<div class=\"elementor-element elementor-element-1f90488 elementor-widget elementor-widget-spacer\" data-id=\"1f90488\" data-element_type=\"widget\" data-e-type=\"widget\" data-widget_type=\"spacer.default\">\n\t\t\t\t<div class=\"elementor-widget-container\">\n\t\t\t\t\t\t\t<div class=\"elementor-spacer\">\n\t\t\t<div class=\"elementor-spacer-inner\"><\/div>\n\t\t<\/div>\n\t\t\t\t\t\t<\/div>\n\t\t\t\t<\/div>\n\t\t\t\t<div class=\"elementor-element elementor-element-64f6ee9 elementor-widget elementor-widget-heading\" data-id=\"64f6ee9\" data-element_type=\"widget\" data-e-type=\"widget\" data-widget_type=\"heading.default\">\n\t\t\t\t<div class=\"elementor-widget-container\">\n\t\t\t\t\t<h2 class=\"elementor-heading-title elementor-size-default\">workbooks<\/h2>\t\t\t\t<\/div>\n\t\t\t\t<\/div>\n\t\t\t\t<div class=\"elementor-element elementor-element-16e40d0 elementor-widget elementor-widget-text-editor\" data-id=\"16e40d0\" data-element_type=\"widget\" data-e-type=\"widget\" data-widget_type=\"text-editor.default\">\n\t\t\t\t<div class=\"elementor-widget-container\">\n\t\t\t\t\t\t\t\t\t<p><strong>Practica y mejora tu ingl\u00e9s con nuestros workbooks. <\/strong><\/p><p>Cada uno est\u00e1 dise\u00f1ado para reforzar lo que has aprendido con ejercicios simples y efectivos.<\/p><p>Desc\u00e1rgalos y avanza a tu propio ritmo. \u00a1Empieza hoy!<\/p>\t\t\t\t\t\t\t\t<\/div>\n\t\t\t\t<\/div>\n\t\t\t\t<div class=\"elementor-element elementor-element-4cc65cb elementor-align-center elementor-widget elementor-widget-button\" data-id=\"4cc65cb\" data-element_type=\"widget\" data-e-type=\"widget\" data-widget_type=\"button.default\">\n\t\t\t\t<div class=\"elementor-widget-container\">\n\t\t\t\t\t\t\t\t\t<div class=\"elementor-button-wrapper\">\n\t\t\t\t\t<a class=\"elementor-button elementor-button-link elementor-size-sm\" href=\"#\">\n\t\t\t\t\t\t<span class=\"elementor-button-content-wrapper\">\n\t\t\t\t\t\t\t\t\t<span class=\"elementor-button-text\">ver m\u00e1s<\/span>\n\t\t\t\t\t<\/span>\n\t\t\t\t\t<\/a>\n\t\t\t\t<\/div>\n\t\t\t\t\t\t\t\t<\/div>\n\t\t\t\t<\/div>\n\t\t\t\t\t<\/div>\n\t\t\t\t<\/div>\n\t\t<div class=\"elementor-element elementor-element-acb754c e-con-full e-flex e-con e-parent\" data-id=\"acb754c\" data-element_type=\"container\" data-e-type=\"container\">\n\t\t\t\t<div class=\"elementor-element elementor-element-550a6ad elementor--h-position-center elementor--v-position-middle elementor-arrows-position-inside elementor-pagination-position-inside elementor-widget elementor-widget-slides\" data-id=\"550a6ad\" data-element_type=\"widget\" data-e-type=\"widget\" data-settings=\"{&quot;navigation&quot;:&quot;both&quot;,&quot;autoplay&quot;:&quot;yes&quot;,&quot;pause_on_hover&quot;:&quot;yes&quot;,&quot;pause_on_interaction&quot;:&quot;yes&quot;,&quot;autoplay_speed&quot;:5000,&quot;infinite&quot;:&quot;yes&quot;,&quot;transition&quot;:&quot;slide&quot;,&quot;transition_speed&quot;:500}\" data-widget_type=\"slides.default\">\n\t\t\t\t<div class=\"elementor-widget-container\">\n\t\t\t\t\t\t\t<div class=\"elementor-swiper\">\n\t\t\t<div class=\"elementor-slides-wrapper elementor-main-swiper swiper-container\" dir=\"ltr\" data-animation=\"fadeInUp\">\n\t\t\t\t<div class=\"swiper-wrapper elementor-slides\">\n\t\t\t\t\t\t\t\t\t\t<div class=\"elementor-repeater-item-894b7da swiper-slide\"><div class=\"swiper-slide-bg\" role=\"img\"><\/div><div class=\"elementor-background-overlay\"><\/div><div class=\"swiper-slide-inner\" ><div class=\"swiper-slide-contents\"><div class=\"elementor-slide-heading\">apuntes<\/div><div class=\"elementor-slide-description\">encuentra todo el material y apuntes necesario para tu estudio<\/div><div  class=\"elementor-button elementor-slide-button elementor-size-sm\">pincha aqu\u00ed<\/div><\/div><\/div><\/div>\t\t\t\t<\/div>\n\t\t\t\t\t\t\t<\/div>\n\t\t<\/div>\n\t\t\t\t\t\t<\/div>\n\t\t\t\t<\/div>\n\t\t\t\t<\/div>\n\t\t<div class=\"elementor-element elementor-element-5fd996b e-flex e-con-boxed e-con e-parent\" data-id=\"5fd996b\" data-element_type=\"container\" data-e-type=\"container\">\n\t\t\t\t\t<div class=\"e-con-inner\">\n\t\t<div class=\"elementor-element elementor-element-43e9f03 e-con-full e-flex e-con e-child\" data-id=\"43e9f03\" data-element_type=\"container\" data-e-type=\"container\">\n\t\t\t\t<div class=\"elementor-element elementor-element-7af3f53 elementor-widget elementor-widget-image\" data-id=\"7af3f53\" data-element_type=\"widget\" data-e-type=\"widget\" data-widget_type=\"image.default\">\n\t\t\t\t<div class=\"elementor-widget-container\">\n\t\t\t\t\t\t\t\t\t\t\t\t\t\t\t<img fetchpriority=\"high\" decoding=\"async\" width=\"591\" height=\"853\" src=\"https:\/\/inglesde3en3.com\/wp-content\/uploads\/2024\/10\/books-5937716_1280-e1727801478539.jpg\" class=\"attachment-full size-full wp-image-73\" alt=\"\" srcset=\"https:\/\/inglesde3en3.com\/wp-content\/uploads\/2024\/10\/books-5937716_1280-e1727801478539.jpg 591w, https:\/\/inglesde3en3.com\/wp-content\/uploads\/2024\/10\/books-5937716_1280-e1727801478539-208x300.jpg 208w\" sizes=\"(max-width: 591px) 100vw, 591px\" \/>\t\t\t\t\t\t\t\t\t\t\t\t\t\t\t<\/div>\n\t\t\t\t<\/div>\n\t\t\t\t<\/div>\n\t\t<div class=\"elementor-element elementor-element-38e12ae e-con-full e-flex e-con e-child\" data-id=\"38e12ae\" data-element_type=\"container\" data-e-type=\"container\">\n\t\t\t\t<div class=\"elementor-element elementor-element-e8ea7b0 elementor-widget elementor-widget-heading\" data-id=\"e8ea7b0\" data-element_type=\"widget\" data-e-type=\"widget\" data-widget_type=\"heading.default\">\n\t\t\t\t<div class=\"elementor-widget-container\">\n\t\t\t\t\t<h2 class=\"elementor-heading-title elementor-size-default\">libros recomendados<\/h2>\t\t\t\t<\/div>\n\t\t\t\t<\/div>\n\t\t\t\t<div class=\"elementor-element elementor-element-eca5590 elementor-widget elementor-widget-text-editor\" data-id=\"eca5590\" data-element_type=\"widget\" data-e-type=\"widget\" data-widget_type=\"text-editor.default\">\n\t\t\t\t<div class=\"elementor-widget-container\">\n\t\t\t\t\t\t\t\t\t<p><strong>Mejora tu ingl\u00e9s con nuestra selecci\u00f3n de libros clave.<\/strong><\/p><p>Desde principiantes hasta niveles avanzados, estos t\u00edtulos te ayudar\u00e1n a aprender de manera pr\u00e1ctica y efectiva.<\/p><p>\u00a1Elige el tuyo y sigue avanzando!<\/p>\t\t\t\t\t\t\t\t<\/div>\n\t\t\t\t<\/div>\n\t\t\t\t<\/div>\n\t\t\t\t\t<\/div>\n\t\t\t\t<\/div>\n\t\t<div class=\"elementor-element elementor-element-6c47cef e-flex e-con-boxed e-con e-parent\" data-id=\"6c47cef\" data-element_type=\"container\" data-e-type=\"container\" data-settings=\"{&quot;background_background&quot;:&quot;classic&quot;}\">\n\t\t\t\t\t<div class=\"e-con-inner\">\n\t\t\t\t<div class=\"elementor-element elementor-element-fce5c8f elementor-widget elementor-widget-spacer\" data-id=\"fce5c8f\" data-element_type=\"widget\" data-e-type=\"widget\" data-widget_type=\"spacer.default\">\n\t\t\t\t<div class=\"elementor-widget-container\">\n\t\t\t\t\t\t\t<div class=\"elementor-spacer\">\n\t\t\t<div class=\"elementor-spacer-inner\"><\/div>\n\t\t<\/div>\n\t\t\t\t\t\t<\/div>\n\t\t\t\t<\/div>\n\t\t\t\t\t<\/div>\n\t\t\t\t<\/div>\n\t\t<div class=\"elementor-element elementor-element-d395867 e-flex e-con-boxed e-con e-parent\" data-id=\"d395867\" data-element_type=\"container\" data-e-type=\"container\">\n\t\t\t\t\t<div class=\"e-con-inner\">\n\t\t\t\t<div class=\"elementor-element elementor-element-41736ae elementor-widget elementor-widget-spacer\" data-id=\"41736ae\" data-element_type=\"widget\" data-e-type=\"widget\" data-widget_type=\"spacer.default\">\n\t\t\t\t<div class=\"elementor-widget-container\">\n\t\t\t\t\t\t\t<div class=\"elementor-spacer\">\n\t\t\t<div class=\"elementor-spacer-inner\"><\/div>\n\t\t<\/div>\n\t\t\t\t\t\t<\/div>\n\t\t\t\t<\/div>\n\t\t\t\t<div class=\"elementor-element elementor-element-36a7221 elementor-widget elementor-widget-heading\" data-id=\"36a7221\" data-element_type=\"widget\" data-e-type=\"widget\" data-widget_type=\"heading.default\">\n\t\t\t\t<div class=\"elementor-widget-container\">\n\t\t\t\t\t<h2 class=\"elementor-heading-title elementor-size-default\">VIDEOS<\/h2>\t\t\t\t<\/div>\n\t\t\t\t<\/div>\n\t\t\t\t<div class=\"elementor-element elementor-element-cd4cfd9 elementor-widget elementor-widget-text-editor\" data-id=\"cd4cfd9\" data-element_type=\"widget\" data-e-type=\"widget\" data-widget_type=\"text-editor.default\">\n\t\t\t\t<div class=\"elementor-widget-container\">\n\t\t\t\t\t\t\t\t\tExplora nuestros videos del canal de YouTube y aprende ingl\u00e9s de manera f\u00e1cil y entretenida.\t\t\t\t\t\t\t\t<\/div>\n\t\t\t\t<\/div>\n\t\t\t\t<div class=\"elementor-element elementor-element-8a70043 elementor-align-center elementor-widget elementor-widget-button\" data-id=\"8a70043\" data-element_type=\"widget\" data-e-type=\"widget\" data-widget_type=\"button.default\">\n\t\t\t\t<div class=\"elementor-widget-container\">\n\t\t\t\t\t\t\t\t\t<div class=\"elementor-button-wrapper\">\n\t\t\t\t\t<a class=\"elementor-button elementor-button-link elementor-size-sm\" href=\"https:\/\/www.youtube.com\/@inglesde3en340\">\n\t\t\t\t\t\t<span class=\"elementor-button-content-wrapper\">\n\t\t\t\t\t\t\t\t\t<span class=\"elementor-button-text\">ir al canal de youtube<\/span>\n\t\t\t\t\t<\/span>\n\t\t\t\t\t<\/a>\n\t\t\t\t<\/div>\n\t\t\t\t\t\t\t\t<\/div>\n\t\t\t\t<\/div>\n\t\t<div class=\"elementor-element elementor-element-1e3fa79 e-grid e-con-full e-con e-child\" data-id=\"1e3fa79\" data-element_type=\"container\" data-e-type=\"container\">\n\t\t\t\t<div class=\"elementor-element elementor-element-59c26c4 elementor-widget elementor-widget-image\" data-id=\"59c26c4\" data-element_type=\"widget\" data-e-type=\"widget\" data-widget_type=\"image.default\">\n\t\t\t\t<div class=\"elementor-widget-container\">\n\t\t\t\t\t\t\t\t\t\t\t\t\t\t\t\t<a href=\"https:\/\/www.youtube.com\/watch?v=3bfNV0q1jTI\">\n\t\t\t\t\t\t\t<img decoding=\"async\" width=\"800\" height=\"450\" src=\"https:\/\/inglesde3en3.com\/wp-content\/uploads\/2024\/10\/3bfNV0q1jTI_1280x720-1024x576.jpg\" class=\"attachment-large size-large wp-image-75\" alt=\"\" srcset=\"https:\/\/inglesde3en3.com\/wp-content\/uploads\/2024\/10\/3bfNV0q1jTI_1280x720-1024x576.jpg 1024w, https:\/\/inglesde3en3.com\/wp-content\/uploads\/2024\/10\/3bfNV0q1jTI_1280x720-300x169.jpg 300w, https:\/\/inglesde3en3.com\/wp-content\/uploads\/2024\/10\/3bfNV0q1jTI_1280x720-768x432.jpg 768w, https:\/\/inglesde3en3.com\/wp-content\/uploads\/2024\/10\/3bfNV0q1jTI_1280x720.jpg 1280w\" sizes=\"(max-width: 800px) 100vw, 800px\" \/>\t\t\t\t\t\t\t\t<\/a>\n\t\t\t\t\t\t\t\t\t\t\t\t\t\t\t<\/div>\n\t\t\t\t<\/div>\n\t\t\t\t<div class=\"elementor-element elementor-element-6ff4f26 elementor-widget elementor-widget-image\" data-id=\"6ff4f26\" data-element_type=\"widget\" data-e-type=\"widget\" data-widget_type=\"image.default\">\n\t\t\t\t<div class=\"elementor-widget-container\">\n\t\t\t\t\t\t\t\t\t\t\t\t\t\t\t\t<a href=\"https:\/\/www.youtube.com\/watch?v=jzcQ8JpKuH4\">\n\t\t\t\t\t\t\t<img loading=\"lazy\" decoding=\"async\" width=\"800\" height=\"450\" src=\"https:\/\/inglesde3en3.com\/wp-content\/uploads\/2024\/10\/jzcQ8JpKuH4_1280x720-1024x576.jpg\" class=\"attachment-large size-large wp-image-76\" alt=\"\" srcset=\"https:\/\/inglesde3en3.com\/wp-content\/uploads\/2024\/10\/jzcQ8JpKuH4_1280x720-1024x576.jpg 1024w, https:\/\/inglesde3en3.com\/wp-content\/uploads\/2024\/10\/jzcQ8JpKuH4_1280x720-300x169.jpg 300w, https:\/\/inglesde3en3.com\/wp-content\/uploads\/2024\/10\/jzcQ8JpKuH4_1280x720-768x432.jpg 768w, https:\/\/inglesde3en3.com\/wp-content\/uploads\/2024\/10\/jzcQ8JpKuH4_1280x720.jpg 1280w\" sizes=\"(max-width: 800px) 100vw, 800px\" \/>\t\t\t\t\t\t\t\t<\/a>\n\t\t\t\t\t\t\t\t\t\t\t\t\t\t\t<\/div>\n\t\t\t\t<\/div>\n\t\t\t\t<\/div>\n\t\t\t\t\t<\/div>\n\t\t\t\t<\/div>\n\t\t\t\t<\/div>\n\t\t","protected":false},"excerpt":{"rendered":"<p>Aprende ingl\u00e9s r\u00e1pido, sencillo y sin complicaciones workbooks Practica y mejora tu ingl\u00e9s con nuestros workbooks. Cada uno est\u00e1 dise\u00f1ado para reforzar lo que has aprendido con ejercicios simples y efectivos. Desc\u00e1rgalos y avanza a tu propio ritmo. \u00a1Empieza hoy! ver m\u00e1s apuntesencuentra todo el material y apuntes necesario para tu estudiopincha aqu\u00ed libros recomendados [&hellip;]<\/p>\n","protected":false},"author":1,"featured_media":0,"parent":0,"menu_order":0,"comment_status":"closed","ping_status":"closed","template":"","meta":{"footnotes":""},"class_list":["post-36","page","type-page","status-publish","hentry"],"yoast_head":"<!-- This site is optimized with the Yoast SEO plugin v27.5 - https:\/\/yoast.com\/product\/yoast-seo-wordpress\/ -->\n<title>Inicio - Ingl&eacute;s de 3 en 3<\/title>\n<meta name=\"robots\" content=\"index, follow, max-snippet:-1, max-image-preview:large, max-video-preview:-1\" \/>\n<link rel=\"canonical\" href=\"https:\/\/inglesde3en3.com\/\" \/>\n<meta property=\"og:locale\" content=\"es_ES\" \/>\n<meta property=\"og:type\" content=\"article\" \/>\n<meta property=\"og:title\" content=\"Inicio - Ingl&eacute;s de 3 en 3\" \/>\n<meta property=\"og:description\" content=\"Aprende ingl\u00e9s r\u00e1pido, sencillo y sin complicaciones workbooks Practica y mejora tu ingl\u00e9s con nuestros workbooks. Cada uno est\u00e1 dise\u00f1ado para reforzar lo que has aprendido con ejercicios simples y efectivos. Desc\u00e1rgalos y avanza a tu propio ritmo. \u00a1Empieza hoy! ver m\u00e1s apuntesencuentra todo el material y apuntes necesario para tu estudiopincha aqu\u00ed libros recomendados [&hellip;]\" \/>\n<meta property=\"og:url\" content=\"https:\/\/inglesde3en3.com\/\" \/>\n<meta property=\"og:site_name\" content=\"Ingl&eacute;s de 3 en 3\" \/>\n<meta property=\"article:modified_time\" content=\"2024-10-24T10:42:17+00:00\" \/>\n<meta property=\"og:image\" content=\"https:\/\/inglesde3en3.com\/wp-content\/uploads\/2024\/09\/Captura-de-pantalla-2024-09-24-a-las-12.53.43.png\" \/>\n<meta name=\"twitter:card\" content=\"summary_large_image\" \/>\n<meta name=\"twitter:label1\" content=\"Tiempo de lectura\" \/>\n\t<meta name=\"twitter:data1\" content=\"2 minutos\" \/>\n<script type=\"application\/ld+json\" class=\"yoast-schema-graph\">{\"@context\":\"https:\\\/\\\/schema.org\",\"@graph\":[{\"@type\":\"WebPage\",\"@id\":\"https:\\\/\\\/inglesde3en3.com\\\/\",\"url\":\"https:\\\/\\\/inglesde3en3.com\\\/\",\"name\":\"Inicio - Ingl&eacute;s de 3 en 3\",\"isPartOf\":{\"@id\":\"https:\\\/\\\/inglesde3en3.com\\\/#website\"},\"primaryImageOfPage\":{\"@id\":\"https:\\\/\\\/inglesde3en3.com\\\/#primaryimage\"},\"image\":{\"@id\":\"https:\\\/\\\/inglesde3en3.com\\\/#primaryimage\"},\"thumbnailUrl\":\"https:\\\/\\\/inglesde3en3.com\\\/wp-content\\\/uploads\\\/2024\\\/09\\\/Captura-de-pantalla-2024-09-24-a-las-12.53.43.png\",\"datePublished\":\"2024-09-24T10:25:43+00:00\",\"dateModified\":\"2024-10-24T10:42:17+00:00\",\"breadcrumb\":{\"@id\":\"https:\\\/\\\/inglesde3en3.com\\\/#breadcrumb\"},\"inLanguage\":\"es\",\"potentialAction\":[{\"@type\":\"ReadAction\",\"target\":[\"https:\\\/\\\/inglesde3en3.com\\\/\"]}]},{\"@type\":\"ImageObject\",\"inLanguage\":\"es\",\"@id\":\"https:\\\/\\\/inglesde3en3.com\\\/#primaryimage\",\"url\":\"https:\\\/\\\/inglesde3en3.com\\\/wp-content\\\/uploads\\\/2024\\\/09\\\/Captura-de-pantalla-2024-09-24-a-las-12.53.43.png\",\"contentUrl\":\"https:\\\/\\\/inglesde3en3.com\\\/wp-content\\\/uploads\\\/2024\\\/09\\\/Captura-de-pantalla-2024-09-24-a-las-12.53.43.png\",\"width\":65,\"height\":86},{\"@type\":\"BreadcrumbList\",\"@id\":\"https:\\\/\\\/inglesde3en3.com\\\/#breadcrumb\",\"itemListElement\":[{\"@type\":\"ListItem\",\"position\":1,\"name\":\"Portada\",\"item\":\"https:\\\/\\\/inglesde3en3.com\\\/\"},{\"@type\":\"ListItem\",\"position\":2,\"name\":\"Inicio\"}]},{\"@type\":\"WebSite\",\"@id\":\"https:\\\/\\\/inglesde3en3.com\\\/#website\",\"url\":\"https:\\\/\\\/inglesde3en3.com\\\/\",\"name\":\"Ingl&eacute;s de 3 en 3\",\"description\":\"Ingl&eacute;s f&aacute;cil con Simon\",\"publisher\":{\"@id\":\"https:\\\/\\\/inglesde3en3.com\\\/#organization\"},\"potentialAction\":[{\"@type\":\"SearchAction\",\"target\":{\"@type\":\"EntryPoint\",\"urlTemplate\":\"https:\\\/\\\/inglesde3en3.com\\\/?s={search_term_string}\"},\"query-input\":{\"@type\":\"PropertyValueSpecification\",\"valueRequired\":true,\"valueName\":\"search_term_string\"}}],\"inLanguage\":\"es\"},{\"@type\":\"Organization\",\"@id\":\"https:\\\/\\\/inglesde3en3.com\\\/#organization\",\"name\":\"Ingl&eacute;s de 3 en 3\",\"url\":\"https:\\\/\\\/inglesde3en3.com\\\/\",\"logo\":{\"@type\":\"ImageObject\",\"inLanguage\":\"es\",\"@id\":\"https:\\\/\\\/inglesde3en3.com\\\/#\\\/schema\\\/logo\\\/image\\\/\",\"url\":\"https:\\\/\\\/inglesde3en3.com\\\/wp-content\\\/uploads\\\/2024\\\/09\\\/cropped-Mesa-de-trabajo-1@2x.png\",\"contentUrl\":\"https:\\\/\\\/inglesde3en3.com\\\/wp-content\\\/uploads\\\/2024\\\/09\\\/cropped-Mesa-de-trabajo-1@2x.png\",\"width\":3335,\"height\":1189,\"caption\":\"Ingl&eacute;s de 3 en 3\"},\"image\":{\"@id\":\"https:\\\/\\\/inglesde3en3.com\\\/#\\\/schema\\\/logo\\\/image\\\/\"}}]}<\/script>\n<!-- \/ Yoast SEO plugin. -->","yoast_head_json":{"title":"Inicio - Ingl&eacute;s de 3 en 3","robots":{"index":"index","follow":"follow","max-snippet":"max-snippet:-1","max-image-preview":"max-image-preview:large","max-video-preview":"max-video-preview:-1"},"canonical":"https:\/\/inglesde3en3.com\/","og_locale":"es_ES","og_type":"article","og_title":"Inicio - Ingl&eacute;s de 3 en 3","og_description":"Aprende ingl\u00e9s r\u00e1pido, sencillo y sin complicaciones workbooks Practica y mejora tu ingl\u00e9s con nuestros workbooks. Cada uno est\u00e1 dise\u00f1ado para reforzar lo que has aprendido con ejercicios simples y efectivos. Desc\u00e1rgalos y avanza a tu propio ritmo. \u00a1Empieza hoy! ver m\u00e1s apuntesencuentra todo el material y apuntes necesario para tu estudiopincha aqu\u00ed libros recomendados [&hellip;]","og_url":"https:\/\/inglesde3en3.com\/","og_site_name":"Ingl&eacute;s de 3 en 3","article_modified_time":"2024-10-24T10:42:17+00:00","og_image":[{"url":"https:\/\/inglesde3en3.com\/wp-content\/uploads\/2024\/09\/Captura-de-pantalla-2024-09-24-a-las-12.53.43.png","type":"","width":"","height":""}],"twitter_card":"summary_large_image","twitter_misc":{"Tiempo de lectura":"2 minutos"},"schema":{"@context":"https:\/\/schema.org","@graph":[{"@type":"WebPage","@id":"https:\/\/inglesde3en3.com\/","url":"https:\/\/inglesde3en3.com\/","name":"Inicio - Ingl&eacute;s de 3 en 3","isPartOf":{"@id":"https:\/\/inglesde3en3.com\/#website"},"primaryImageOfPage":{"@id":"https:\/\/inglesde3en3.com\/#primaryimage"},"image":{"@id":"https:\/\/inglesde3en3.com\/#primaryimage"},"thumbnailUrl":"https:\/\/inglesde3en3.com\/wp-content\/uploads\/2024\/09\/Captura-de-pantalla-2024-09-24-a-las-12.53.43.png","datePublished":"2024-09-24T10:25:43+00:00","dateModified":"2024-10-24T10:42:17+00:00","breadcrumb":{"@id":"https:\/\/inglesde3en3.com\/#breadcrumb"},"inLanguage":"es","potentialAction":[{"@type":"ReadAction","target":["https:\/\/inglesde3en3.com\/"]}]},{"@type":"ImageObject","inLanguage":"es","@id":"https:\/\/inglesde3en3.com\/#primaryimage","url":"https:\/\/inglesde3en3.com\/wp-content\/uploads\/2024\/09\/Captura-de-pantalla-2024-09-24-a-las-12.53.43.png","contentUrl":"https:\/\/inglesde3en3.com\/wp-content\/uploads\/2024\/09\/Captura-de-pantalla-2024-09-24-a-las-12.53.43.png","width":65,"height":86},{"@type":"BreadcrumbList","@id":"https:\/\/inglesde3en3.com\/#breadcrumb","itemListElement":[{"@type":"ListItem","position":1,"name":"Portada","item":"https:\/\/inglesde3en3.com\/"},{"@type":"ListItem","position":2,"name":"Inicio"}]},{"@type":"WebSite","@id":"https:\/\/inglesde3en3.com\/#website","url":"https:\/\/inglesde3en3.com\/","name":"Ingl&eacute;s de 3 en 3","description":"Ingl&eacute;s f&aacute;cil con Simon","publisher":{"@id":"https:\/\/inglesde3en3.com\/#organization"},"potentialAction":[{"@type":"SearchAction","target":{"@type":"EntryPoint","urlTemplate":"https:\/\/inglesde3en3.com\/?s={search_term_string}"},"query-input":{"@type":"PropertyValueSpecification","valueRequired":true,"valueName":"search_term_string"}}],"inLanguage":"es"},{"@type":"Organization","@id":"https:\/\/inglesde3en3.com\/#organization","name":"Ingl&eacute;s de 3 en 3","url":"https:\/\/inglesde3en3.com\/","logo":{"@type":"ImageObject","inLanguage":"es","@id":"https:\/\/inglesde3en3.com\/#\/schema\/logo\/image\/","url":"https:\/\/inglesde3en3.com\/wp-content\/uploads\/2024\/09\/cropped-Mesa-de-trabajo-1@2x.png","contentUrl":"https:\/\/inglesde3en3.com\/wp-content\/uploads\/2024\/09\/cropped-Mesa-de-trabajo-1@2x.png","width":3335,"height":1189,"caption":"Ingl&eacute;s de 3 en 3"},"image":{"@id":"https:\/\/inglesde3en3.com\/#\/schema\/logo\/image\/"}}]}},"_links":{"self":[{"href":"https:\/\/inglesde3en3.com\/index.php\/wp-json\/wp\/v2\/pages\/36","targetHints":{"allow":["GET"]}}],"collection":[{"href":"https:\/\/inglesde3en3.com\/index.php\/wp-json\/wp\/v2\/pages"}],"about":[{"href":"https:\/\/inglesde3en3.com\/index.php\/wp-json\/wp\/v2\/types\/page"}],"author":[{"embeddable":true,"href":"https:\/\/inglesde3en3.com\/index.php\/wp-json\/wp\/v2\/users\/1"}],"replies":[{"embeddable":true,"href":"https:\/\/inglesde3en3.com\/index.php\/wp-json\/wp\/v2\/comments?post=36"}],"version-history":[{"count":22,"href":"https:\/\/inglesde3en3.com\/index.php\/wp-json\/wp\/v2\/pages\/36\/revisions"}],"predecessor-version":[{"id":126,"href":"https:\/\/inglesde3en3.com\/index.php\/wp-json\/wp\/v2\/pages\/36\/revisions\/126"}],"wp:attachment":[{"href":"https:\/\/inglesde3en3.com\/index.php\/wp-json\/wp\/v2\/media?parent=36"}],"curies":[{"name":"wp","href":"https:\/\/api.w.org\/{rel}","templated":true}]}}