{"id":98,"date":"2024-10-02T09:40:16","date_gmt":"2024-10-02T09:40:16","guid":{"rendered":"https:\/\/inglesde3en3.com\/?page_id=98"},"modified":"2024-10-02T09:45:15","modified_gmt":"2024-10-02T09:45:15","slug":"videos-2","status":"publish","type":"page","link":"https:\/\/inglesde3en3.com\/index.php\/videos-2\/","title":{"rendered":"Videos"},"content":{"rendered":"\t\t<div data-elementor-type=\"wp-page\" data-elementor-id=\"98\" class=\"elementor elementor-98\" data-elementor-post-type=\"page\">\n\t\t\t\t<div class=\"elementor-element elementor-element-00112e2 e-flex e-con-boxed e-con e-parent\" data-id=\"00112e2\" data-element_type=\"container\" data-e-type=\"container\">\n\t\t\t\t\t<div class=\"e-con-inner\">\n\t\t\t\t<div class=\"elementor-element elementor-element-92f997f elementor-widget elementor-widget-heading\" data-id=\"92f997f\" data-element_type=\"widget\" data-e-type=\"widget\" data-widget_type=\"heading.default\">\n\t\t\t\t<div class=\"elementor-widget-container\">\n\t\t\t\t\t<h2 class=\"elementor-heading-title elementor-size-default\">Videos<\/h2>\t\t\t\t<\/div>\n\t\t\t\t<\/div>\n\t\t\t\t<div class=\"elementor-element elementor-element-0bf625d elementor-widget-divider--view-line elementor-widget elementor-widget-divider\" data-id=\"0bf625d\" data-element_type=\"widget\" data-e-type=\"widget\" data-widget_type=\"divider.default\">\n\t\t\t\t<div class=\"elementor-widget-container\">\n\t\t\t\t\t\t\t<div class=\"elementor-divider\">\n\t\t\t<span class=\"elementor-divider-separator\">\n\t\t\t\t\t\t<\/span>\n\t\t<\/div>\n\t\t\t\t\t\t<\/div>\n\t\t\t\t<\/div>\n\t\t\t\t<div class=\"elementor-element elementor-element-912fc0a elementor-widget elementor-widget-text-editor\" data-id=\"912fc0a\" data-element_type=\"widget\" data-e-type=\"widget\" data-widget_type=\"text-editor.default\">\n\t\t\t\t<div class=\"elementor-widget-container\">\n\t\t\t\t\t\t\t\t\t<p><strong>Sum\u00e9rgete en nuestras lecciones de ingl\u00e9s a trav\u00e9s de videos f\u00e1ciles de seguir y din\u00e1micos.<\/strong><\/p><p>En nuestro canal de YouTube, encontrar\u00e1s una variedad de contenidos dise\u00f1ados para ayudarte a mejorar en todas las \u00e1reas: desde gram\u00e1tica y vocabulario hasta consejos pr\u00e1cticos para hablar con fluidez. Con explicaciones claras y ejemplos cotidianos, aprender\u00e1s ingl\u00e9s de una manera entretenida y efectiva.<\/p><p><strong>Aqu\u00ed tienes una selecci\u00f3n de ellos, puedes encontrar m\u00e1s en el canal de youtube y seguir aprendiendo de manera divertida y a tu ritmo.<\/strong><\/p>\t\t\t\t\t\t\t\t<\/div>\n\t\t\t\t<\/div>\n\t\t\t\t\t<\/div>\n\t\t\t\t<\/div>\n\t\t<div class=\"elementor-element elementor-element-15e9d3d e-flex e-con-boxed e-con e-parent\" data-id=\"15e9d3d\" data-element_type=\"container\" data-e-type=\"container\" data-settings=\"{&quot;background_background&quot;:&quot;classic&quot;}\">\n\t\t\t\t\t<div class=\"e-con-inner\">\n\t\t\t\t<div class=\"elementor-element elementor-element-91f7cfd elementor-widget elementor-widget-spacer\" data-id=\"91f7cfd\" data-element_type=\"widget\" data-e-type=\"widget\" data-widget_type=\"spacer.default\">\n\t\t\t\t<div class=\"elementor-widget-container\">\n\t\t\t\t\t\t\t<div class=\"elementor-spacer\">\n\t\t\t<div class=\"elementor-spacer-inner\"><\/div>\n\t\t<\/div>\n\t\t\t\t\t\t<\/div>\n\t\t\t\t<\/div>\n\t\t\t\t\t<\/div>\n\t\t\t\t<\/div>\n\t\t<div class=\"elementor-element elementor-element-ba41830 e-flex e-con-boxed e-con e-parent\" data-id=\"ba41830\" data-element_type=\"container\" data-e-type=\"container\">\n\t\t\t\t\t<div class=\"e-con-inner\">\n\t\t<div class=\"elementor-element elementor-element-79cc057 e-con-full e-flex e-con e-child\" data-id=\"79cc057\" data-element_type=\"container\" data-e-type=\"container\">\n\t\t\t\t<div class=\"elementor-element elementor-element-3f74640 elementor-position-top elementor-widget elementor-widget-image-box\" data-id=\"3f74640\" data-element_type=\"widget\" data-e-type=\"widget\" data-widget_type=\"image-box.default\">\n\t\t\t\t<div class=\"elementor-widget-container\">\n\t\t\t\t\t<div class=\"elementor-image-box-wrapper\"><figure class=\"elementor-image-box-img\"><img decoding=\"async\" src=\"https:\/\/inglesde3en3.com\/wp-content\/plugins\/elementor\/assets\/images\/placeholder.png\" title=\"\" alt=\"\" loading=\"lazy\" \/><\/figure><div class=\"elementor-image-box-content\"><h3 class=\"elementor-image-box-title\">t\u00edtulo<\/h3><p class=\"elementor-image-box-description\">descripci\u00f3n<\/p><\/div><\/div>\t\t\t\t<\/div>\n\t\t\t\t<\/div>\n\t\t\t\t<\/div>\n\t\t<div class=\"elementor-element elementor-element-42ddc66 e-con-full e-flex e-con e-child\" data-id=\"42ddc66\" data-element_type=\"container\" data-e-type=\"container\">\n\t\t\t\t<div class=\"elementor-element elementor-element-84889bb elementor-position-top elementor-widget elementor-widget-image-box\" data-id=\"84889bb\" data-element_type=\"widget\" data-e-type=\"widget\" data-widget_type=\"image-box.default\">\n\t\t\t\t<div class=\"elementor-widget-container\">\n\t\t\t\t\t<div class=\"elementor-image-box-wrapper\"><figure class=\"elementor-image-box-img\"><img decoding=\"async\" src=\"https:\/\/inglesde3en3.com\/wp-content\/plugins\/elementor\/assets\/images\/placeholder.png\" title=\"\" alt=\"\" loading=\"lazy\" \/><\/figure><div class=\"elementor-image-box-content\"><h3 class=\"elementor-image-box-title\">t\u00edtulo<\/h3><p class=\"elementor-image-box-description\">descripci\u00f3n<\/p><\/div><\/div>\t\t\t\t<\/div>\n\t\t\t\t<\/div>\n\t\t\t\t<\/div>\n\t\t<div class=\"elementor-element elementor-element-e7e483d e-con-full e-flex e-con e-child\" data-id=\"e7e483d\" data-element_type=\"container\" data-e-type=\"container\">\n\t\t\t\t<div class=\"elementor-element elementor-element-aae4780 elementor-position-top elementor-widget elementor-widget-image-box\" data-id=\"aae4780\" data-element_type=\"widget\" data-e-type=\"widget\" data-widget_type=\"image-box.default\">\n\t\t\t\t<div class=\"elementor-widget-container\">\n\t\t\t\t\t<div class=\"elementor-image-box-wrapper\"><figure class=\"elementor-image-box-img\"><img decoding=\"async\" src=\"https:\/\/inglesde3en3.com\/wp-content\/plugins\/elementor\/assets\/images\/placeholder.png\" title=\"\" alt=\"\" loading=\"lazy\" \/><\/figure><div class=\"elementor-image-box-content\"><h3 class=\"elementor-image-box-title\">t\u00edtulo<\/h3><p class=\"elementor-image-box-description\">descripci\u00f3n<\/p><\/div><\/div>\t\t\t\t<\/div>\n\t\t\t\t<\/div>\n\t\t\t\t<\/div>\n\t\t\t\t\t<\/div>\n\t\t\t\t<\/div>\n\t\t\t\t<\/div>\n\t\t","protected":false},"excerpt":{"rendered":"<p>Videos Sum\u00e9rgete en nuestras lecciones de ingl\u00e9s a trav\u00e9s de videos f\u00e1ciles de seguir y din\u00e1micos. En nuestro canal de YouTube, encontrar\u00e1s una variedad de contenidos dise\u00f1ados para ayudarte a mejorar en todas las \u00e1reas: desde gram\u00e1tica y vocabulario hasta consejos pr\u00e1cticos para hablar con fluidez. Con explicaciones claras y ejemplos cotidianos, aprender\u00e1s ingl\u00e9s de [&hellip;]<\/p>\n","protected":false},"author":1,"featured_media":0,"parent":0,"menu_order":0,"comment_status":"closed","ping_status":"closed","template":"","meta":{"footnotes":""},"class_list":["post-98","page","type-page","status-publish","hentry"],"yoast_head":"<!-- This site is optimized with the Yoast SEO plugin v27.5 - https:\/\/yoast.com\/product\/yoast-seo-wordpress\/ -->\n<title>Videos - Ingl&eacute;s de 3 en 3<\/title>\n<meta name=\"robots\" content=\"index, follow, max-snippet:-1, max-image-preview:large, max-video-preview:-1\" \/>\n<link rel=\"canonical\" href=\"https:\/\/inglesde3en3.com\/index.php\/videos-2\/\" \/>\n<meta property=\"og:locale\" content=\"es_ES\" \/>\n<meta property=\"og:type\" content=\"article\" \/>\n<meta property=\"og:title\" content=\"Videos - Ingl&eacute;s de 3 en 3\" \/>\n<meta property=\"og:description\" content=\"Videos Sum\u00e9rgete en nuestras lecciones de ingl\u00e9s a trav\u00e9s de videos f\u00e1ciles de seguir y din\u00e1micos. En nuestro canal de YouTube, encontrar\u00e1s una variedad de contenidos dise\u00f1ados para ayudarte a mejorar en todas las \u00e1reas: desde gram\u00e1tica y vocabulario hasta consejos pr\u00e1cticos para hablar con fluidez. Con explicaciones claras y ejemplos cotidianos, aprender\u00e1s ingl\u00e9s de [&hellip;]\" \/>\n<meta property=\"og:url\" content=\"https:\/\/inglesde3en3.com\/index.php\/videos-2\/\" \/>\n<meta property=\"og:site_name\" content=\"Ingl&eacute;s de 3 en 3\" \/>\n<meta property=\"article:modified_time\" content=\"2024-10-02T09:45:15+00:00\" \/>\n<meta property=\"og:image\" content=\"https:\/\/inglesde3en3.com\/wp-content\/plugins\/elementor\/assets\/images\/placeholder.png\" \/>\n<meta name=\"twitter:card\" content=\"summary_large_image\" \/>\n<meta name=\"twitter:label1\" content=\"Tiempo de lectura\" \/>\n\t<meta name=\"twitter:data1\" content=\"2 minutos\" \/>\n<script type=\"application\/ld+json\" class=\"yoast-schema-graph\">{\"@context\":\"https:\\\/\\\/schema.org\",\"@graph\":[{\"@type\":\"WebPage\",\"@id\":\"https:\\\/\\\/inglesde3en3.com\\\/index.php\\\/videos-2\\\/\",\"url\":\"https:\\\/\\\/inglesde3en3.com\\\/index.php\\\/videos-2\\\/\",\"name\":\"Videos - Ingl&eacute;s de 3 en 3\",\"isPartOf\":{\"@id\":\"https:\\\/\\\/inglesde3en3.com\\\/#website\"},\"primaryImageOfPage\":{\"@id\":\"https:\\\/\\\/inglesde3en3.com\\\/index.php\\\/videos-2\\\/#primaryimage\"},\"image\":{\"@id\":\"https:\\\/\\\/inglesde3en3.com\\\/index.php\\\/videos-2\\\/#primaryimage\"},\"thumbnailUrl\":\"https:\\\/\\\/inglesde3en3.com\\\/wp-content\\\/plugins\\\/elementor\\\/assets\\\/images\\\/placeholder.png\",\"datePublished\":\"2024-10-02T09:40:16+00:00\",\"dateModified\":\"2024-10-02T09:45:15+00:00\",\"breadcrumb\":{\"@id\":\"https:\\\/\\\/inglesde3en3.com\\\/index.php\\\/videos-2\\\/#breadcrumb\"},\"inLanguage\":\"es\",\"potentialAction\":[{\"@type\":\"ReadAction\",\"target\":[\"https:\\\/\\\/inglesde3en3.com\\\/index.php\\\/videos-2\\\/\"]}]},{\"@type\":\"ImageObject\",\"inLanguage\":\"es\",\"@id\":\"https:\\\/\\\/inglesde3en3.com\\\/index.php\\\/videos-2\\\/#primaryimage\",\"url\":\"https:\\\/\\\/inglesde3en3.com\\\/wp-content\\\/plugins\\\/elementor\\\/assets\\\/images\\\/placeholder.png\",\"contentUrl\":\"https:\\\/\\\/inglesde3en3.com\\\/wp-content\\\/plugins\\\/elementor\\\/assets\\\/images\\\/placeholder.png\"},{\"@type\":\"BreadcrumbList\",\"@id\":\"https:\\\/\\\/inglesde3en3.com\\\/index.php\\\/videos-2\\\/#breadcrumb\",\"itemListElement\":[{\"@type\":\"ListItem\",\"position\":1,\"name\":\"Portada\",\"item\":\"https:\\\/\\\/inglesde3en3.com\\\/\"},{\"@type\":\"ListItem\",\"position\":2,\"name\":\"Videos\"}]},{\"@type\":\"WebSite\",\"@id\":\"https:\\\/\\\/inglesde3en3.com\\\/#website\",\"url\":\"https:\\\/\\\/inglesde3en3.com\\\/\",\"name\":\"Ingl&eacute;s de 3 en 3\",\"description\":\"Ingl&eacute;s f&aacute;cil con Simon\",\"publisher\":{\"@id\":\"https:\\\/\\\/inglesde3en3.com\\\/#organization\"},\"potentialAction\":[{\"@type\":\"SearchAction\",\"target\":{\"@type\":\"EntryPoint\",\"urlTemplate\":\"https:\\\/\\\/inglesde3en3.com\\\/?s={search_term_string}\"},\"query-input\":{\"@type\":\"PropertyValueSpecification\",\"valueRequired\":true,\"valueName\":\"search_term_string\"}}],\"inLanguage\":\"es\"},{\"@type\":\"Organization\",\"@id\":\"https:\\\/\\\/inglesde3en3.com\\\/#organization\",\"name\":\"Ingl&eacute;s de 3 en 3\",\"url\":\"https:\\\/\\\/inglesde3en3.com\\\/\",\"logo\":{\"@type\":\"ImageObject\",\"inLanguage\":\"es\",\"@id\":\"https:\\\/\\\/inglesde3en3.com\\\/#\\\/schema\\\/logo\\\/image\\\/\",\"url\":\"https:\\\/\\\/inglesde3en3.com\\\/wp-content\\\/uploads\\\/2024\\\/09\\\/cropped-Mesa-de-trabajo-1@2x.png\",\"contentUrl\":\"https:\\\/\\\/inglesde3en3.com\\\/wp-content\\\/uploads\\\/2024\\\/09\\\/cropped-Mesa-de-trabajo-1@2x.png\",\"width\":3335,\"height\":1189,\"caption\":\"Ingl&eacute;s de 3 en 3\"},\"image\":{\"@id\":\"https:\\\/\\\/inglesde3en3.com\\\/#\\\/schema\\\/logo\\\/image\\\/\"}}]}<\/script>\n<!-- \/ Yoast SEO plugin. -->","yoast_head_json":{"title":"Videos - Ingl&eacute;s de 3 en 3","robots":{"index":"index","follow":"follow","max-snippet":"max-snippet:-1","max-image-preview":"max-image-preview:large","max-video-preview":"max-video-preview:-1"},"canonical":"https:\/\/inglesde3en3.com\/index.php\/videos-2\/","og_locale":"es_ES","og_type":"article","og_title":"Videos - Ingl&eacute;s de 3 en 3","og_description":"Videos Sum\u00e9rgete en nuestras lecciones de ingl\u00e9s a trav\u00e9s de videos f\u00e1ciles de seguir y din\u00e1micos. En nuestro canal de YouTube, encontrar\u00e1s una variedad de contenidos dise\u00f1ados para ayudarte a mejorar en todas las \u00e1reas: desde gram\u00e1tica y vocabulario hasta consejos pr\u00e1cticos para hablar con fluidez. Con explicaciones claras y ejemplos cotidianos, aprender\u00e1s ingl\u00e9s de [&hellip;]","og_url":"https:\/\/inglesde3en3.com\/index.php\/videos-2\/","og_site_name":"Ingl&eacute;s de 3 en 3","article_modified_time":"2024-10-02T09:45:15+00:00","og_image":[{"url":"https:\/\/inglesde3en3.com\/wp-content\/plugins\/elementor\/assets\/images\/placeholder.png","type":"","width":"","height":""}],"twitter_card":"summary_large_image","twitter_misc":{"Tiempo de lectura":"2 minutos"},"schema":{"@context":"https:\/\/schema.org","@graph":[{"@type":"WebPage","@id":"https:\/\/inglesde3en3.com\/index.php\/videos-2\/","url":"https:\/\/inglesde3en3.com\/index.php\/videos-2\/","name":"Videos - Ingl&eacute;s de 3 en 3","isPartOf":{"@id":"https:\/\/inglesde3en3.com\/#website"},"primaryImageOfPage":{"@id":"https:\/\/inglesde3en3.com\/index.php\/videos-2\/#primaryimage"},"image":{"@id":"https:\/\/inglesde3en3.com\/index.php\/videos-2\/#primaryimage"},"thumbnailUrl":"https:\/\/inglesde3en3.com\/wp-content\/plugins\/elementor\/assets\/images\/placeholder.png","datePublished":"2024-10-02T09:40:16+00:00","dateModified":"2024-10-02T09:45:15+00:00","breadcrumb":{"@id":"https:\/\/inglesde3en3.com\/index.php\/videos-2\/#breadcrumb"},"inLanguage":"es","potentialAction":[{"@type":"ReadAction","target":["https:\/\/inglesde3en3.com\/index.php\/videos-2\/"]}]},{"@type":"ImageObject","inLanguage":"es","@id":"https:\/\/inglesde3en3.com\/index.php\/videos-2\/#primaryimage","url":"https:\/\/inglesde3en3.com\/wp-content\/plugins\/elementor\/assets\/images\/placeholder.png","contentUrl":"https:\/\/inglesde3en3.com\/wp-content\/plugins\/elementor\/assets\/images\/placeholder.png"},{"@type":"BreadcrumbList","@id":"https:\/\/inglesde3en3.com\/index.php\/videos-2\/#breadcrumb","itemListElement":[{"@type":"ListItem","position":1,"name":"Portada","item":"https:\/\/inglesde3en3.com\/"},{"@type":"ListItem","position":2,"name":"Videos"}]},{"@type":"WebSite","@id":"https:\/\/inglesde3en3.com\/#website","url":"https:\/\/inglesde3en3.com\/","name":"Ingl&eacute;s de 3 en 3","description":"Ingl&eacute;s f&aacute;cil con Simon","publisher":{"@id":"https:\/\/inglesde3en3.com\/#organization"},"potentialAction":[{"@type":"SearchAction","target":{"@type":"EntryPoint","urlTemplate":"https:\/\/inglesde3en3.com\/?s={search_term_string}"},"query-input":{"@type":"PropertyValueSpecification","valueRequired":true,"valueName":"search_term_string"}}],"inLanguage":"es"},{"@type":"Organization","@id":"https:\/\/inglesde3en3.com\/#organization","name":"Ingl&eacute;s de 3 en 3","url":"https:\/\/inglesde3en3.com\/","logo":{"@type":"ImageObject","inLanguage":"es","@id":"https:\/\/inglesde3en3.com\/#\/schema\/logo\/image\/","url":"https:\/\/inglesde3en3.com\/wp-content\/uploads\/2024\/09\/cropped-Mesa-de-trabajo-1@2x.png","contentUrl":"https:\/\/inglesde3en3.com\/wp-content\/uploads\/2024\/09\/cropped-Mesa-de-trabajo-1@2x.png","width":3335,"height":1189,"caption":"Ingl&eacute;s de 3 en 3"},"image":{"@id":"https:\/\/inglesde3en3.com\/#\/schema\/logo\/image\/"}}]}},"_links":{"self":[{"href":"https:\/\/inglesde3en3.com\/index.php\/wp-json\/wp\/v2\/pages\/98","targetHints":{"allow":["GET"]}}],"collection":[{"href":"https:\/\/inglesde3en3.com\/index.php\/wp-json\/wp\/v2\/pages"}],"about":[{"href":"https:\/\/inglesde3en3.com\/index.php\/wp-json\/wp\/v2\/types\/page"}],"author":[{"embeddable":true,"href":"https:\/\/inglesde3en3.com\/index.php\/wp-json\/wp\/v2\/users\/1"}],"replies":[{"embeddable":true,"href":"https:\/\/inglesde3en3.com\/index.php\/wp-json\/wp\/v2\/comments?post=98"}],"version-history":[{"count":4,"href":"https:\/\/inglesde3en3.com\/index.php\/wp-json\/wp\/v2\/pages\/98\/revisions"}],"predecessor-version":[{"id":103,"href":"https:\/\/inglesde3en3.com\/index.php\/wp-json\/wp\/v2\/pages\/98\/revisions\/103"}],"wp:attachment":[{"href":"https:\/\/inglesde3en3.com\/index.php\/wp-json\/wp\/v2\/media?parent=98"}],"curies":[{"name":"wp","href":"https:\/\/api.w.org\/{rel}","templated":true}]}}